{"id":661,"date":"2016-05-17T09:01:27","date_gmt":"2016-05-17T09:01:27","guid":{"rendered":"http:\/\/demoapus-wp.com\/noanet\/?page_id=661"},"modified":"2020-03-31T13:11:27","modified_gmt":"2020-03-31T13:11:27","slug":"kapcsolat","status":"publish","type":"page","link":"https:\/\/vertigo-net.hu\/new\/kapcsolat\/","title":{"rendered":"Kapcsolat"},"content":{"rendered":"<p><section class=\"kc-elm kc-css-504568 kc_row\"><div class=\"kc-row-container  kc-container\"><div class=\"kc-wrap-columns\"><div class=\"kc-elm kc-css-822400 kc_col-sm-12 kc_column kc_col-sm-12\"><div class=\"kc-col-container\"><div class=\"kc-elm kc-css-337081 hidden-md hidden-lg\" style=\"height: 50px; clear: both; width:100%;\"><\/div><div class=\"kc-elm kc-css-981888 hidden-sm hidden-xs\" style=\"height: 99px; clear: both; width:100%;\"><\/div><div class=\"kc-elm kc-css-326224 kc_row kc_row_inner\"><div class=\"kc-elm kc-css-611098 kc_col-sm-4 kc_column_inner kc_col-sm-4\"><div class=\"kc_wrapper kc-col-inner-container\"><div class=\"kc-elm kc-css-296065 kc-animated kc-animate-eff-fadeIn kc-feature-boxes kc-fb-layout-2\">\n\n\t<figure class=\"content-image\"><img src=\"https:\/\/vertigo-net.hu\/new\/wp-content\/uploads\/2016\/05\/fb1.jpg\" alt=\"\"><\/figure><div class=\"content-title\">C\u00edm:<\/div><div class=\"content-desc\">\u00dcgyf\u00e9lszolg\u00e1lat: <br\/> \r\nT\u00f3tkoml\u00f3s,\r\nKossuth L. utca 4-6. <br\/> <br\/>\r\nSz\u00e9khely: <br\/>\r\nT\u00f3tkoml\u00f3s,\r\nSzexty Gy. utca 2.<\/div>\n<\/div>\n<div class=\"kc-elm kc-css-773032 hidden-md hidden-lg\" style=\"height: 30px; clear: both; width:100%;\"><\/div><\/div><\/div><div class=\"kc-elm kc-css-665147 kc_col-sm-4 kc_column_inner kc_col-sm-4\"><div class=\"kc_wrapper kc-col-inner-container\"><div class=\"kc-elm kc-css-786761 kc-feature-boxes kc-fb-layout-2\">\n\n\t<figure class=\"content-image\"><img src=\"https:\/\/vertigo-net.hu\/new\/wp-content\/uploads\/2016\/05\/fb2.jpg\" alt=\"\"><\/figure><div class=\"content-title\">Telefon:<\/div><div class=\"content-desc\"><br\/>\r\n<br\/>\r\n+36 68 680 600\r\n<br\/>\r\n<br\/><br\/><\/div>\n<\/div>\n<div class=\"kc-elm kc-css-645720 hidden-md hidden-lg\" style=\"height: 30px; clear: both; width:100%;\"><\/div><\/div><\/div><div class=\"kc-elm kc-css-83686 kc_col-sm-4 kc_column_inner kc_col-sm-4\"><div class=\"kc_wrapper kc-col-inner-container\"><div class=\"kc-elm kc-css-639195 kc-feature-boxes kc-fb-layout-2\">\n\n\t<figure class=\"content-image\"><img src=\"https:\/\/vertigo-net.hu\/new\/wp-content\/uploads\/2016\/05\/fb4.jpg\" alt=\"\"><\/figure><div class=\"content-title\">E-mail<\/div><div class=\"content-desc\"><br\/>\r\n<br\/>info@vertigo-net.hu\r\n<br\/>\r\n<br\/>\r\n<br\/><\/div>\n<\/div>\n<div class=\"kc-elm kc-css-733478 hidden-md hidden-lg\" style=\"height: 30px; clear: both; width:100%;\"><\/div><\/div><\/div><\/div><div class=\"kc-elm kc-css-794201 hidden-sm hidden-xs\" style=\"height: 99px; clear: both; width:100%;\"><\/div><\/div><\/div><\/div><\/div><\/section><section class=\"kc-elm kc-css-4295 kc_row\"><div class=\"kc-row-container\"><div class=\"kc-wrap-columns\"><div class=\"kc-elm kc-css-378264 kc_col-sm-12 kc_column kc_col-sm-12\"><div class=\"kc-col-container\"><div class=\"kc-elm kc-css-490646 kc_google_maps kc_shortcode\"><div style=\"height: 350px\" class=\"kc-google-maps\"><iframe src=\"https:\/\/www.google.com\/maps\/embed?pb=!1m18!1m12!1m3!1d687.7308929589752!2d20.7335780292576!3d46.410570923368084!2m3!1f0!2f0!3f0!3m2!1i1024!2i768!4f13.1!3m3!1m2!1s0x474448ac641bb0af%3A0x7d06f4e4ff485937!2sT%C3%B3tkoml%C3%B3s%2C%20Kossuth%20Lajos%20u.%206%2C%205940!5e0!3m2!1shu!2shu!4v1585659847858!5m2!1shu!2shu\" width=\"100%\" height=\"350\" frameborder=\"0\" style=\"border:0;\" allowfullscreen=\"\" aria-hidden=\"false\" tabindex=\"0\"><\/iframe><\/div><\/div><\/div><\/div><\/div><\/div><\/section><section class=\"kc-elm kc-css-925478 kc_row\"><div class=\"kc-row-container  kc-container\"><div class=\"kc-wrap-columns\"><div class=\"kc-elm kc-css-194662 kc_col-sm-12 kc_column kc_col-sm-12\"><div class=\"kc-col-container\"><div class=\"kc-elm kc-css-807765 kc_row kc_row_inner\"><div class=\"kc-elm kc-css-384312 kc_col-sm-7 kc_column_inner kc_col-sm-7\"><div class=\"kc_wrapper kc-col-inner-container\"><div class=\"kc-elm kc-css-30265 hidden-sm hidden-xs\" style=\"height: 99px; clear: both; width:100%;\"><\/div>\n<div class=\"kc-elm kc-css-938294 kc-title-wrap  left dark\">\n\n\t<div class=\"title-wrapper\" ><h3 class=\"kc_title\"><span>Maradjunk<\/span> Kapcsolatban<\/h3><\/div>\n<\/div>\n<div class=\"kc-elm kc-css-415693\" style=\"height: 16px; clear: both; width:100%;\"><\/div><div class=\"kc-elm kc-css-27236 kc_text_block\"><\/p>\n<p>K\u00e9rem k\u00fcldj\u00f6n \u00fczenetet a Vertigo-Net Internet csapat\u00e1nak \u00e9s koll\u00e9g\u00e1nk a lehet\u0151 legr\u00f6videbb id\u0151n bel\u00fcl felkeresi \u00d6nt!<\/p>\n<\/p>\n<p>\n<\/div><div class=\"kc-elm kc-css-696851\" style=\"height: 45px; clear: both; width:100%;\"><\/div><div class=\"kc-elm kc-css-156965 kc_text_block btn-left\"><\/p>\n<div class=\"wpcf7 no-js\" id=\"wpcf7-f2205-o1\" lang=\"en-US\" dir=\"ltr\">\n<div class=\"screen-reader-response\">\n<p role=\"status\" aria-live=\"polite\" aria-atomic=\"true\">\n<ul><\/ul>\n<\/div>\n<form action=\"\/new\/wp-json\/wp\/v2\/pages\/661#wpcf7-f2205-o1\" method=\"post\" class=\"wpcf7-form init\" aria-label=\"Contact form\" novalidate=\"novalidate\" data-status=\"init\">\n<div style=\"display: none;\">\n<input type=\"hidden\" name=\"_wpcf7\" value=\"2205\" \/><br \/>\n<input type=\"hidden\" name=\"_wpcf7_version\" value=\"5.8\" \/><br \/>\n<input type=\"hidden\" name=\"_wpcf7_locale\" value=\"en_US\" \/><br \/>\n<input type=\"hidden\" name=\"_wpcf7_unit_tag\" value=\"wpcf7-f2205-o1\" \/><br \/>\n<input type=\"hidden\" name=\"_wpcf7_container_post\" value=\"0\" \/><br \/>\n<input type=\"hidden\" name=\"_wpcf7_posted_data_hash\" value=\"\" \/>\n<\/div>\n<div class=\"section-contact\">\n<div class=\"row contant-inner\">\n<div class=\"col-md-12\">\n<p><span class=\"wpcf7-form-control-wrap\" data-name=\"your-name\"><input size=\"40\" class=\"wpcf7-form-control wpcf7-text wpcf7-validates-as-required\" aria-required=\"true\" aria-invalid=\"false\" placeholder=\"N\u00e9v*\" value=\"\" type=\"text\" name=\"your-name\" \/><\/span>\n\t\t\t<\/p>\n<\/p><\/div>\n<div class=\"col-md-12\">\n<p><span class=\"wpcf7-form-control-wrap\" data-name=\"number-339\"><input class=\"wpcf7-form-control wpcf7-number wpcf7-validates-as-number\" aria-invalid=\"false\" placeholder=\"Telefon*\" value=\"\" type=\"number\" name=\"number-339\" \/><\/span>\n\t\t\t<\/p>\n<\/p><\/div>\n<div class=\"col-md-12\">\n<p><span class=\"wpcf7-form-control-wrap\" data-name=\"your-email\"><input size=\"40\" class=\"wpcf7-form-control wpcf7-email wpcf7-validates-as-required wpcf7-text wpcf7-validates-as-email\" aria-required=\"true\" aria-invalid=\"false\" placeholder=\"Email*\" value=\"\" type=\"email\" name=\"your-email\" \/><\/span>\n\t\t\t<\/p>\n<\/p><\/div>\n<\/p><\/div>\n<p><span class=\"wpcf7-form-control-wrap\" data-name=\"your-message\"><textarea cols=\"40\" rows=\"10\" class=\"wpcf7-form-control wpcf7-textarea\" aria-invalid=\"false\" placeholder=\"Az \u00f6n \u00fczenete\" name=\"your-message\"><\/textarea><\/span>\n\t<\/p>\n<p><input class=\"wpcf7-form-control wpcf7-submit has-spinner btn btn-primary btn-outline\" type=\"submit\" value=\"K\u00fcld\u00e9s\" \/>\n\t<\/p>\n<\/div>\n<div class=\"wpcf7-response-output\" aria-hidden=\"true\"><\/div>\n<\/form>\n<\/div>\n<p>\n<\/div><\/div><\/div><div class=\"kc-elm kc-css-102749 kc_col-sm-5 kc_column_inner kc_col-sm-5\"><div class=\"kc_wrapper kc-col-inner-container\"><div class=\"kc-elm kc-css-523796 kc_shortcode kc_single_image\">\n\n        <img src=\"https:\/\/vertigo-net.hu\/new\/wp-content\/uploads\/2016\/05\/imgg.jpg\" class=\"\" alt=\"\" \/>    <\/div>\n<\/div><\/div><\/div><\/div><\/div><\/div><\/div><\/section><\/p>\n","protected":false},"excerpt":{"rendered":"","protected":false},"author":1,"featured_media":0,"parent":0,"menu_order":0,"comment_status":"closed","ping_status":"closed","template":"","meta":{"footnotes":""},"_links":{"self":[{"href":"https:\/\/vertigo-net.hu\/new\/wp-json\/wp\/v2\/pages\/661"}],"collection":[{"href":"https:\/\/vertigo-net.hu\/new\/wp-json\/wp\/v2\/pages"}],"about":[{"href":"https:\/\/vertigo-net.hu\/new\/wp-json\/wp\/v2\/types\/page"}],"author":[{"embeddable":true,"href":"https:\/\/vertigo-net.hu\/new\/wp-json\/wp\/v2\/users\/1"}],"replies":[{"embeddable":true,"href":"https:\/\/vertigo-net.hu\/new\/wp-json\/wp\/v2\/comments?post=661"}],"version-history":[{"count":45,"href":"https:\/\/vertigo-net.hu\/new\/wp-json\/wp\/v2\/pages\/661\/revisions"}],"predecessor-version":[{"id":2588,"href":"https:\/\/vertigo-net.hu\/new\/wp-json\/wp\/v2\/pages\/661\/revisions\/2588"}],"wp:attachment":[{"href":"https:\/\/vertigo-net.hu\/new\/wp-json\/wp\/v2\/media?parent=661"}],"curies":[{"name":"wp","href":"https:\/\/api.w.org\/{rel}","templated":true}]}}